{"id":87,"date":"2025-10-09T11:51:07","date_gmt":"2025-10-09T11:51:07","guid":{"rendered":"https:\/\/minirent.is\/?post_type=product&#038;p=87"},"modified":"2025-10-16T11:31:44","modified_gmt":"2025-10-16T11:31:44","slug":"silver-cross-ferdakerra","status":"publish","type":"product","link":"http:\/\/minirent.is\/en\/vorur\/silver-cross-ferdakerra\/","title":{"rendered":"Silver Cross Fer\u00f0akerra"},"content":{"rendered":"<div class=\"booqable-product-button\" data-id=\"silver-cross-ferdakerra\"><\/div>\n<hr \/>\n<p>Silver Cross Jet er <strong>hin fullkomna kerra til a\u00f0 taka me\u00f0 \u00ed fer\u00f0alagi\u00f0<\/strong>. H\u00fan er einstaklega fyrirfer\u00f0al\u00edtil og kemst au\u00f0veldlega fyrir \u00ed farangursh\u00f3lfum flugv\u00e9la. \u00deegar h\u00fan er samanbrotin stendur h\u00fan \u00f3studd \u00e1 tveimur hj\u00f3lum og er au\u00f0velt a\u00f0 draga hana \u00e1 eftir s\u00e9r eins og fer\u00f0at\u00f6sku.<\/p>\n<h4>Eiginleikar:<\/h4>\n<ul>\n<li>St\u00e6kkanlegur skermur me\u00f0 UPF50+ v\u00f6rn.<\/li>\n<li>Bak sem leggst alveg flatt ni\u00f0ur.<\/li>\n<li>Sam\u00feykkt sem handfarangur hj\u00e1 flestum flugf\u00e9l\u00f6gum.<\/li>\n<li>Au\u00f0velt a\u00f0 draga \u00e1 eftir s\u00e9r eins og fer\u00f0at\u00f6sku.<\/li>\n<\/ul>\n<h4>Hentar fyrir:<\/h4>\n<p>Fyrir b\u00f6rn fr\u00e1 f\u00e6\u00f0ingu og upp a\u00f0 15 kg.<\/p>\n<h4>\u00dea\u00f0 sem fylgir:<\/h4>\n<ul>\n<li>Silver Cross Jet fer\u00f0akerra<\/li>\n<li>Kerruhl\u00edf me\u00f0 vasa<\/li>\n<\/ul>\n<h4>Mikilv\u00e6gt var\u00f0andi handfarangur:<\/h4>\n<p>Vinsamlegast athugi\u00f0 a\u00f0 reglur um handfarangur eru misjafnar eftir flugf\u00e9l\u00f6gum. Vi\u00f0 hvetjum vi\u00f0skiptavini okkar til a\u00f0 kynna s\u00e9r reglurnar vel hj\u00e1 \u00fev\u00ed flugf\u00e9lagi sem flogi\u00f0 er me\u00f0 til a\u00f0 koma \u00ed veg fyrir \u00f3v\u00e6ntan aukakostna\u00f0.<\/p>\n<hr \/>\n<p style=\"text-align: center; font-style: italic;\">Allar okkar v\u00f6rur eru vandlega \u00ferifnar og s\u00f3tthreinsa\u00f0ar \u00e1 milli vi\u00f0skiptavina.<\/p>","protected":false},"excerpt":{"rendered":"<p>Silver Cross Jet er hin fullkomna kerra til a\u00f0 taka me\u00f0 \u00ed fer\u00f0alagi\u00f0. H\u00fan er einstaklega fyrirfer\u00f0al\u00edtil og kemst au\u00f0veldlega&#8230;<\/p>","protected":false},"featured_media":88,"menu_order":0,"comment_status":"open","ping_status":"closed","template":"","meta":[],"product_brand":[],"product_cat":[37,16],"product_tag":[32],"class_list":{"0":"post-87","1":"product","2":"type-product","3":"status-publish","4":"has-post-thumbnail","6":"product_cat-ferdavorur","7":"product_cat-kerrur-og-aukahlutir","8":"product_tag-short-term","10":"first","11":"instock","12":"featured","13":"shipping-taxable","14":"product-type-simple"},"_links":{"self":[{"href":"http:\/\/minirent.is\/en\/wp-json\/wp\/v2\/product\/87","targetHints":{"allow":["GET"]}}],"collection":[{"href":"http:\/\/minirent.is\/en\/wp-json\/wp\/v2\/product"}],"about":[{"href":"http:\/\/minirent.is\/en\/wp-json\/wp\/v2\/types\/product"}],"replies":[{"embeddable":true,"href":"http:\/\/minirent.is\/en\/wp-json\/wp\/v2\/comments?post=87"}],"wp:featuredmedia":[{"embeddable":true,"href":"http:\/\/minirent.is\/en\/wp-json\/wp\/v2\/media\/88"}],"wp:attachment":[{"href":"http:\/\/minirent.is\/en\/wp-json\/wp\/v2\/media?parent=87"}],"wp:term":[{"taxonomy":"product_brand","embeddable":true,"href":"http:\/\/minirent.is\/en\/wp-json\/wp\/v2\/product_brand?post=87"},{"taxonomy":"product_cat","embeddable":true,"href":"http:\/\/minirent.is\/en\/wp-json\/wp\/v2\/product_cat?post=87"},{"taxonomy":"product_tag","embeddable":true,"href":"http:\/\/minirent.is\/en\/wp-json\/wp\/v2\/product_tag?post=87"}],"curies":[{"name":"wp","href":"https:\/\/api.w.org\/{rel}","templated":true}]}}