{"id":90,"date":"2025-10-09T11:54:13","date_gmt":"2025-10-09T11:54:13","guid":{"rendered":"https:\/\/minirent.is\/?post_type=product&#038;p=90"},"modified":"2025-10-16T10:52:26","modified_gmt":"2025-10-16T10:52:26","slug":"ferda-kerrutaska","status":"publish","type":"product","link":"http:\/\/minirent.is\/en\/vorur\/ferda-kerrutaska\/","title":{"rendered":"Fer\u00f0a kerrutaska"},"content":{"rendered":"<div class=\"booqable-product-button\" data-id=\"ferda-kerrutaska\"><\/div>\n<hr \/>\n<p>Bugaboo Comfort Transport kerrutaskan <strong>verndar kerruna \u00fe\u00edna<\/strong> \u00e1 fer\u00f0alaginu. H\u00fan er \u00e1 hj\u00f3lum sem gerir \u00fea\u00f0 au\u00f0velt a\u00f0 draga hana \u00e1 eftir s\u00e9r og er einnig me\u00f0 h\u00f6ldum og b\u00f3lstra\u00f0ri axlar\u00f3l.<\/p>\n<h4>Eiginleikar:<\/h4>\n<ul>\n<li>Er \u00e1 hj\u00f3lum sem au\u00f0veldar flutning.<\/li>\n<li>H\u00f6ldur og b\u00f3lstru\u00f0 axlar\u00f3l.<\/li>\n<li>S\u00e9rst\u00f6k taska fyrir dekkin fylgir me\u00f0.<\/li>\n<li>Sterkbygg\u00f0 og verndar vel.<\/li>\n<\/ul>\n<h4>Hentar fyrir:<\/h4>\n<p>Passar fyrir allar Bugaboo kerrur og einnig flestar a\u00f0rar venjulegar kerrur.<\/p>\n<h4>St\u00e6r\u00f0:<\/h4>\n<p>M\u00e1l: 95cm x 57cm x 43cm.<\/p>\n<h4>Var\u00f0andi flugfer\u00f0ir:<\/h4>\n<p>S\u00e9 kerran \u00ed t\u00f6sku \u00ed flugi er h\u00fan \u00e1 \u00e1byrg\u00f0 flugf\u00e9laganna skyldi h\u00fan ver\u00f0a fyrir tj\u00f3ni.<\/p>\n<hr \/>\n<p style=\"text-align: center; font-style: italic;\">Allar okkar v\u00f6rur eru vandlega \u00ferifnar og s\u00f3tthreinsa\u00f0ar \u00e1 milli vi\u00f0skiptavina.<\/p>","protected":false},"excerpt":{"rendered":"<p>Discover the perfect blend of quality, style, and performance. Designed to meet your everyday needs, this product delivers exceptional value with a sleek, modern look and reliable functionality you can count on.<\/p>","protected":false},"featured_media":91,"menu_order":0,"comment_status":"open","ping_status":"closed","template":"","meta":[],"product_brand":[],"product_cat":[37,16],"product_tag":[32],"class_list":{"0":"post-90","1":"product","2":"type-product","3":"status-publish","4":"has-post-thumbnail","6":"product_cat-ferdavorur","7":"product_cat-kerrur-og-aukahlutir","8":"product_tag-short-term","10":"first","11":"instock","12":"featured","13":"shipping-taxable","14":"product-type-simple"},"_links":{"self":[{"href":"http:\/\/minirent.is\/en\/wp-json\/wp\/v2\/product\/90","targetHints":{"allow":["GET"]}}],"collection":[{"href":"http:\/\/minirent.is\/en\/wp-json\/wp\/v2\/product"}],"about":[{"href":"http:\/\/minirent.is\/en\/wp-json\/wp\/v2\/types\/product"}],"replies":[{"embeddable":true,"href":"http:\/\/minirent.is\/en\/wp-json\/wp\/v2\/comments?post=90"}],"wp:featuredmedia":[{"embeddable":true,"href":"http:\/\/minirent.is\/en\/wp-json\/wp\/v2\/media\/91"}],"wp:attachment":[{"href":"http:\/\/minirent.is\/en\/wp-json\/wp\/v2\/media?parent=90"}],"wp:term":[{"taxonomy":"product_brand","embeddable":true,"href":"http:\/\/minirent.is\/en\/wp-json\/wp\/v2\/product_brand?post=90"},{"taxonomy":"product_cat","embeddable":true,"href":"http:\/\/minirent.is\/en\/wp-json\/wp\/v2\/product_cat?post=90"},{"taxonomy":"product_tag","embeddable":true,"href":"http:\/\/minirent.is\/en\/wp-json\/wp\/v2\/product_tag?post=90"}],"curies":[{"name":"wp","href":"https:\/\/api.w.org\/{rel}","templated":true}]}}