{"id":100,"date":"2025-10-09T12:00:21","date_gmt":"2025-10-09T12:00:21","guid":{"rendered":"https:\/\/minirent.is\/?post_type=product&#038;p=100"},"modified":"2025-10-16T10:52:26","modified_gmt":"2025-10-16T10:52:26","slug":"maxi-cosi-ferdarum","status":"publish","type":"product","link":"https:\/\/minirent.is\/en\/vorur\/maxi-cosi-ferdarum\/","title":{"rendered":"Maxi Cosi Fer\u00f0ar\u00fam"},"content":{"rendered":"<div class=\"booqable-product-button\" data-id=\"maxi-cosi-ferdarum\"><\/div>\n<hr \/>\n<p>Maxi Cosi fer\u00f0ar\u00fami\u00f0 er einstaklega \u00fe\u00e6gilegt og hagn\u00fdtt, me\u00f0 <strong>tveimur h\u00e6\u00f0arstillingum<\/strong> sem henta barninu eftir \u00fev\u00ed sem \u00fea\u00f0 st\u00e6kkar. R\u00fami\u00f0 er mj\u00f6g l\u00e9tt (5,7 kg), au\u00f0velt \u00ed samsetningu og ver\u00f0ur einstaklega fyrirfer\u00f0al\u00edti\u00f0 \u00ed bur\u00f0art\u00f6skunni sem fylgir.<\/p>\n<h4>Eiginleikar:<\/h4>\n<ul>\n<li>Tv\u00e6r h\u00e6\u00f0arstillingar fyrir mismunandi aldur.<\/li>\n<li>\u00deykk og \u00fe\u00e6gileg d\u00fdna fylgir.<\/li>\n<li>Net \u00e1 \u00f6llum hli\u00f0um fyrir gott loftfl\u00e6\u00f0i.<\/li>\n<li>Einstaklega l\u00e9tt og fyrirfer\u00f0al\u00edti\u00f0 samanbroti\u00f0.<\/li>\n<\/ul>\n<h4>Hentar fyrir:<\/h4>\n<p>Fyrir b\u00f6rn fr\u00e1 f\u00e6\u00f0ingu upp \u00ed u.\u00fe.b. 3,5 \u00e1ra (h\u00e1marks\u00feyngd 15 kg).<\/p>\n<h4>St\u00e6r\u00f0:<\/h4>\n<p>Uppsett: 115cm x 67cm x 68 cm<br \/>Broti\u00f0 saman: 54cm x 67cm x 15 cm<\/p>\n<h4>\u00dea\u00f0 sem fylgir:<\/h4>\n<ul>\n<li>Maxi Cosi Iris fer\u00f0ar\u00fam<\/li>\n<li>D\u00fdna<\/li>\n<li>Bur\u00f0artaska<\/li>\n<\/ul>\n<hr \/>\n<p style=\"text-align: center; font-style: italic;\">Allar okkar v\u00f6rur eru vandlega \u00ferifnar og s\u00f3tthreinsa\u00f0ar \u00e1 milli vi\u00f0skiptavina.<\/p>","protected":false},"excerpt":{"rendered":"<p>Maxi Cosi fer\u00f0ar\u00fami\u00f0 er einstaklega \u00fe\u00e6gilegt og hagn\u00fdtt, me\u00f0 tveimur h\u00e6\u00f0arstillingum sem henta barninu eftir \u00fev\u00ed sem \u00fea\u00f0 st\u00e6kkar. R\u00fami\u00f0&#8230;<\/p>","protected":false},"featured_media":102,"menu_order":0,"comment_status":"open","ping_status":"closed","template":"","meta":[],"product_brand":[],"product_cat":[37,31,40],"product_tag":[32],"class_list":{"0":"post-100","1":"product","2":"type-product","3":"status-publish","4":"has-post-thumbnail","6":"product_cat-ferdavorur","7":"product_cat-adrar-vorur","8":"product_cat-svefntimi","9":"product_tag-short-term","11":"first","12":"instock","13":"shipping-taxable","14":"product-type-simple"},"_links":{"self":[{"href":"https:\/\/minirent.is\/en\/wp-json\/wp\/v2\/product\/100","targetHints":{"allow":["GET"]}}],"collection":[{"href":"https:\/\/minirent.is\/en\/wp-json\/wp\/v2\/product"}],"about":[{"href":"https:\/\/minirent.is\/en\/wp-json\/wp\/v2\/types\/product"}],"replies":[{"embeddable":true,"href":"https:\/\/minirent.is\/en\/wp-json\/wp\/v2\/comments?post=100"}],"wp:featuredmedia":[{"embeddable":true,"href":"https:\/\/minirent.is\/en\/wp-json\/wp\/v2\/media\/102"}],"wp:attachment":[{"href":"https:\/\/minirent.is\/en\/wp-json\/wp\/v2\/media?parent=100"}],"wp:term":[{"taxonomy":"product_brand","embeddable":true,"href":"https:\/\/minirent.is\/en\/wp-json\/wp\/v2\/product_brand?post=100"},{"taxonomy":"product_cat","embeddable":true,"href":"https:\/\/minirent.is\/en\/wp-json\/wp\/v2\/product_cat?post=100"},{"taxonomy":"product_tag","embeddable":true,"href":"https:\/\/minirent.is\/en\/wp-json\/wp\/v2\/product_tag?post=100"}],"curies":[{"name":"wp","href":"https:\/\/api.w.org\/{rel}","templated":true}]}}