{"id":103,"date":"2025-10-09T12:02:12","date_gmt":"2025-10-09T12:02:12","guid":{"rendered":"https:\/\/minirent.is\/?post_type=product&#038;p=103"},"modified":"2025-10-16T10:52:26","modified_gmt":"2025-10-16T10:52:26","slug":"gonguburdarpoki","status":"publish","type":"product","link":"https:\/\/minirent.is\/en\/vorur\/gonguburdarpoki\/","title":{"rendered":"G\u00f6ngubur\u00f0arpoki"},"content":{"rendered":"<div class=\"booqable-product-button\" data-id=\"gonguburdarpoki\"><\/div>\n<hr \/>\n<p>Me\u00f0 Osprey Poco LT g\u00f6ngubur\u00f0arpokanum getur \u00fe\u00fa teki\u00f0 barni\u00f0 me\u00f0 \u00fe\u00e9r \u00ed \u00f6ll \u00e6vint\u00fdrin! Hann er <strong>\u00f6rugg og \u00fe\u00e6gileg lei\u00f0<\/strong> til a\u00f0 bera barni\u00f0 \u00ed l\u00f6ngum g\u00f6ngut\u00farum og fjallg\u00f6ngum. Pokinn er s\u00e9rstaklega l\u00e9ttur (2,3 kg) en sterkbygg\u00f0ur.<\/p>\n<h4>Eiginleikar:<\/h4>\n<ul>\n<li>Innbyggt UPF50+ s\u00f3lskyggni.<\/li>\n<li>St\u00f3rt geymsluh\u00f3lf og nokkrir minni vasar.<\/li>\n<li>B\u00f3lstra\u00f0ar \u00f3lar og mja\u00f0mabelti fyrir h\u00e1marks\u00fe\u00e6gindi.<\/li>\n<li>Stillanlegt bak sem hentar flestum.<\/li>\n<li>Slefmotta sem au\u00f0velt er a\u00f0 fjarl\u00e6gja og \u00fevo.<\/li>\n<\/ul>\n<h4>Hentar fyrir:<\/h4>\n<p>Fyrir b\u00f6rn upp a\u00f0 22 kg (heildarbur\u00f0argeta pokans).<\/p>\n<hr \/>\n<p style=\"text-align: center; font-style: italic;\">Allar okkar v\u00f6rur eru vandlega \u00ferifnar og s\u00f3tthreinsa\u00f0ar \u00e1 milli vi\u00f0skiptavina.<\/p>","protected":false},"excerpt":{"rendered":"<p>Me\u00f0 Osprey Poco LT g\u00f6ngubur\u00f0arpokanum getur \u00fe\u00fa teki\u00f0 barni\u00f0 me\u00f0 \u00fe\u00e9r \u00ed \u00f6ll \u00e6vint\u00fdrin! Hann er \u00f6rugg og \u00fe\u00e6gileg lei\u00f0&#8230;<\/p>","protected":false},"featured_media":105,"menu_order":0,"comment_status":"open","ping_status":"closed","template":"","meta":[],"product_brand":[],"product_cat":[18,37],"product_tag":[32],"class_list":{"0":"post-103","1":"product","2":"type-product","3":"status-publish","4":"has-post-thumbnail","6":"product_cat-burdarpokar","7":"product_cat-ferdavorur","8":"product_tag-short-term","10":"first","11":"instock","12":"shipping-taxable","13":"product-type-simple"},"_links":{"self":[{"href":"https:\/\/minirent.is\/en\/wp-json\/wp\/v2\/product\/103","targetHints":{"allow":["GET"]}}],"collection":[{"href":"https:\/\/minirent.is\/en\/wp-json\/wp\/v2\/product"}],"about":[{"href":"https:\/\/minirent.is\/en\/wp-json\/wp\/v2\/types\/product"}],"replies":[{"embeddable":true,"href":"https:\/\/minirent.is\/en\/wp-json\/wp\/v2\/comments?post=103"}],"wp:featuredmedia":[{"embeddable":true,"href":"https:\/\/minirent.is\/en\/wp-json\/wp\/v2\/media\/105"}],"wp:attachment":[{"href":"https:\/\/minirent.is\/en\/wp-json\/wp\/v2\/media?parent=103"}],"wp:term":[{"taxonomy":"product_brand","embeddable":true,"href":"https:\/\/minirent.is\/en\/wp-json\/wp\/v2\/product_brand?post=103"},{"taxonomy":"product_cat","embeddable":true,"href":"https:\/\/minirent.is\/en\/wp-json\/wp\/v2\/product_cat?post=103"},{"taxonomy":"product_tag","embeddable":true,"href":"https:\/\/minirent.is\/en\/wp-json\/wp\/v2\/product_tag?post=103"}],"curies":[{"name":"wp","href":"https:\/\/api.w.org\/{rel}","templated":true}]}}