{"id":106,"date":"2025-10-09T12:03:33","date_gmt":"2025-10-09T12:03:33","guid":{"rendered":"https:\/\/minirent.is\/?post_type=product&#038;p=106"},"modified":"2025-10-16T11:04:53","modified_gmt":"2025-10-16T11:04:53","slug":"vifta","status":"publish","type":"product","link":"https:\/\/minirent.is\/en\/vorur\/vifta\/","title":{"rendered":"Vifta"},"content":{"rendered":"<div class=\"booqable-product-button\" data-id=\"vifta\"><\/div>\n<hr \/>\n<p>\u00deessi \u00fer\u00e1\u00f0lausa vifta b\u00fd\u00f0ur upp \u00e1 \u00f6flugt loftfl\u00e6\u00f0i en er n\u00e1nast <strong>hlj\u00f3\u00f0laus \u00ed notkun<\/strong>. H\u00fan er s\u00e9rstaklega h\u00f6nnu\u00f0 me\u00f0 \u00f6ryggi barna \u00ed huga og er au\u00f0velt a\u00f0 festa \u00e1 kerrur, vagna, r\u00fam og fleira.<\/p>\n<h4>Eiginleikar:<\/h4>\n<ul>\n<li>N\u00e1nast hlj\u00f3\u00f0laus en me\u00f0 \u00f6flugt loftfl\u00e6\u00f0i.<\/li>\n<li>\u00d6rugg fyrir litla fingur.<\/li>\n<li>Stillanlegt loftfl\u00e6\u00f0i.<\/li>\n<li>H\u00e6gt a\u00f0 sn\u00faa og stilla \u00ed allar \u00e1ttir.<\/li>\n<li>Au\u00f0velt a\u00f0 festa \u00e1 flesta hluti.<\/li>\n<\/ul>\n<h4>Hentar fyrir:<\/h4>\n<p>Alla sem \u00feurfa \u00e1 k\u00e6lingu a\u00f0 halda \u00e1 fer\u00f0inni e\u00f0a heima fyrir.<\/p>\n<hr \/>\n<p style=\"text-align: center; font-style: italic;\">Allar okkar v\u00f6rur eru vandlega \u00ferifnar og s\u00f3tthreinsa\u00f0ar \u00e1 milli vi\u00f0skiptavina.<\/p>","protected":false},"excerpt":{"rendered":"<p>\u00deessi \u00fer\u00e1\u00f0lausa vifta b\u00fd\u00f0ur upp \u00e1 \u00f6flugt loftfl\u00e6\u00f0i en er n\u00e1nast hlj\u00f3\u00f0laus \u00ed notkun. H\u00fan er s\u00e9rstaklega h\u00f6nnu\u00f0 me\u00f0 \u00f6ryggi&#8230;<\/p>","protected":false},"featured_media":269,"menu_order":0,"comment_status":"open","ping_status":"closed","template":"","meta":[],"product_brand":[],"product_cat":[37],"product_tag":[32],"class_list":{"0":"post-106","1":"product","2":"type-product","3":"status-publish","4":"has-post-thumbnail","6":"product_cat-ferdavorur","7":"product_tag-short-term","9":"first","10":"instock","11":"featured","12":"shipping-taxable","13":"product-type-simple"},"_links":{"self":[{"href":"https:\/\/minirent.is\/en\/wp-json\/wp\/v2\/product\/106","targetHints":{"allow":["GET"]}}],"collection":[{"href":"https:\/\/minirent.is\/en\/wp-json\/wp\/v2\/product"}],"about":[{"href":"https:\/\/minirent.is\/en\/wp-json\/wp\/v2\/types\/product"}],"replies":[{"embeddable":true,"href":"https:\/\/minirent.is\/en\/wp-json\/wp\/v2\/comments?post=106"}],"wp:featuredmedia":[{"embeddable":true,"href":"https:\/\/minirent.is\/en\/wp-json\/wp\/v2\/media\/269"}],"wp:attachment":[{"href":"https:\/\/minirent.is\/en\/wp-json\/wp\/v2\/media?parent=106"}],"wp:term":[{"taxonomy":"product_brand","embeddable":true,"href":"https:\/\/minirent.is\/en\/wp-json\/wp\/v2\/product_brand?post=106"},{"taxonomy":"product_cat","embeddable":true,"href":"https:\/\/minirent.is\/en\/wp-json\/wp\/v2\/product_cat?post=106"},{"taxonomy":"product_tag","embeddable":true,"href":"https:\/\/minirent.is\/en\/wp-json\/wp\/v2\/product_tag?post=106"}],"curies":[{"name":"wp","href":"https:\/\/api.w.org\/{rel}","templated":true}]}}