{"id":111,"date":"2025-10-09T12:13:46","date_gmt":"2025-10-09T12:13:46","guid":{"rendered":"https:\/\/minirent.is\/?post_type=product&#038;p=111"},"modified":"2025-10-14T20:19:12","modified_gmt":"2025-10-14T20:19:12","slug":"ergobaby-burdarpoki","status":"publish","type":"product","link":"https:\/\/minirent.is\/en\/vorur\/ergobaby-burdarpoki\/","title":{"rendered":"Yoyo Systkinapallur"},"content":{"rendered":"<div class=\"booqable-product-button\" data-id=\"yoyo-systkinapallur\"><\/div>\n<hr \/>\n<p>Yoyo systkinapallurinn festist \u00e1 Yoyo kerruna me\u00f0 einum smelli og er <strong>fullkomin lausn fyrir eldri systkini<\/strong>. Barni\u00f0 getur vali\u00f0 hvort \u00fea\u00f0 situr e\u00f0a stendur, \u00fear sem au\u00f0velt er a\u00f0 fjarl\u00e6gja s\u00e6ti\u00f0 af pallinum.<\/p>\n<h4>Eiginleikar:<\/h4>\n<ul>\n<li>Au\u00f0velt a\u00f0 festa \u00e1 og taka af kerrunni.<\/li>\n<li>Barni\u00f0 getur seti\u00f0 e\u00f0a sta\u00f0i\u00f0.<\/li>\n<li>H\u00e6gt a\u00f0 hengja upp \u00feegar pallurinn er ekki \u00ed notkun.<\/li>\n<\/ul>\n<h4>Hentar fyrir:<\/h4>\n<p>Fyrir b\u00f6rn upp a\u00f0 20 kg.<br \/>Pallurinn passar \u00e1 Yoyo kerrur og Yoyo n\u00fdburakerrur.<br \/>\n<em>Vinsamlegast athugi\u00f0 a\u00f0 pallurinn passar eing\u00f6ngu \u00e1 Yoyo kerrur.<\/em><\/p>\n<hr \/>\n<p style=\"text-align: center; font-style: italic;\">Allar okkar v\u00f6rur eru vandlega \u00ferifnar og s\u00f3tthreinsa\u00f0ar \u00e1 milli vi\u00f0skiptavina.<\/p>","protected":false},"excerpt":{"rendered":"<p>Yoyo systkinapallurinn festist \u00e1 Yoyo kerruna me\u00f0 einum smelli og er fullkomin lausn fyrir eldri systkini. Barni\u00f0 getur vali\u00f0 hvort&#8230;<\/p>","protected":false},"featured_media":115,"menu_order":0,"comment_status":"open","ping_status":"closed","template":"","meta":[],"product_brand":[],"product_cat":[16],"product_tag":[32],"class_list":{"0":"post-111","1":"product","2":"type-product","3":"status-publish","4":"has-post-thumbnail","6":"product_cat-kerrur-og-aukahlutir","7":"product_tag-short-term","9":"first","10":"instock","11":"shipping-taxable","12":"product-type-simple"},"_links":{"self":[{"href":"https:\/\/minirent.is\/en\/wp-json\/wp\/v2\/product\/111","targetHints":{"allow":["GET"]}}],"collection":[{"href":"https:\/\/minirent.is\/en\/wp-json\/wp\/v2\/product"}],"about":[{"href":"https:\/\/minirent.is\/en\/wp-json\/wp\/v2\/types\/product"}],"replies":[{"embeddable":true,"href":"https:\/\/minirent.is\/en\/wp-json\/wp\/v2\/comments?post=111"}],"wp:featuredmedia":[{"embeddable":true,"href":"https:\/\/minirent.is\/en\/wp-json\/wp\/v2\/media\/115"}],"wp:attachment":[{"href":"https:\/\/minirent.is\/en\/wp-json\/wp\/v2\/media?parent=111"}],"wp:term":[{"taxonomy":"product_brand","embeddable":true,"href":"https:\/\/minirent.is\/en\/wp-json\/wp\/v2\/product_brand?post=111"},{"taxonomy":"product_cat","embeddable":true,"href":"https:\/\/minirent.is\/en\/wp-json\/wp\/v2\/product_cat?post=111"},{"taxonomy":"product_tag","embeddable":true,"href":"https:\/\/minirent.is\/en\/wp-json\/wp\/v2\/product_tag?post=111"}],"curies":[{"name":"wp","href":"https:\/\/api.w.org\/{rel}","templated":true}]}}