{"id":133,"date":"2025-10-09T12:28:54","date_gmt":"2025-10-09T12:28:54","guid":{"rendered":"https:\/\/minirent.is\/?post_type=product&#038;p=133"},"modified":"2025-10-14T20:18:53","modified_gmt":"2025-10-14T20:18:53","slug":"yoyo-solhlif","status":"publish","type":"product","link":"https:\/\/minirent.is\/en\/vorur\/yoyo-solhlif\/","title":{"rendered":"Yoyo S\u00f3lhl\u00edf"},"content":{"rendered":"<div class=\"booqable-product-button\" data-id=\"yoyo-solhlif\"><\/div>\n<hr \/>\n<p>Vernda\u00f0u barni\u00f0 fyrir sterkum geislum s\u00f3larinnar me\u00f0 \u00feessari handh\u00e6gu s\u00f3lhl\u00edf. Hl\u00edfin veitir <strong>UPF 50+ s\u00f3larv\u00f6rn<\/strong> og h\u00e6gt er a\u00f0 stilla hana og beygja \u00ed allar \u00e1ttir til a\u00f0 veita h\u00e1marks skugga.<\/p>\n<h4>Eiginleikar:<\/h4>\n<ul>\n<li>Veitir UPF 50+ s\u00f3larv\u00f6rn.<\/li>\n<li>Au\u00f0velt a\u00f0 festa \u00e1 grindina.<\/li>\n<li>Sveigjanleg og stillanleg \u00ed allar \u00e1ttir.<\/li>\n<\/ul>\n<h4>Passar \u00e1 eftirfarandi Yoyo kerrur:<\/h4>\n<p>Yoyo kerrur, Yoyo n\u00fdburakerrur og Yoyo connect.<br \/>\n<em>Vinsamlegast athugi\u00f0 a\u00f0 \u00feessi s\u00f3lhl\u00edf passar einungis \u00e1 Yoyo kerrur.<\/em><\/p>\n<hr \/>\n<p style=\"text-align: center; font-style: italic;\">Allar okkar v\u00f6rur eru vandlega \u00ferifnar og s\u00f3tthreinsa\u00f0ar \u00e1 milli vi\u00f0skiptavina.<\/p>","protected":false},"excerpt":{"rendered":"<p>Vernda\u00f0u barni\u00f0 fyrir sterkum geislum s\u00f3larinnar me\u00f0 \u00feessari handh\u00e6gu s\u00f3lhl\u00edf. Hl\u00edfin veitir UPF 50+ s\u00f3larv\u00f6rn og h\u00e6gt er a\u00f0 stilla&#8230;<\/p>","protected":false},"featured_media":134,"menu_order":0,"comment_status":"open","ping_status":"closed","template":"","meta":[],"product_brand":[],"product_cat":[16],"product_tag":[32],"class_list":{"0":"post-133","1":"product","2":"type-product","3":"status-publish","4":"has-post-thumbnail","6":"product_cat-kerrur-og-aukahlutir","7":"product_tag-short-term","9":"first","10":"instock","11":"shipping-taxable","12":"product-type-simple"},"_links":{"self":[{"href":"https:\/\/minirent.is\/en\/wp-json\/wp\/v2\/product\/133","targetHints":{"allow":["GET"]}}],"collection":[{"href":"https:\/\/minirent.is\/en\/wp-json\/wp\/v2\/product"}],"about":[{"href":"https:\/\/minirent.is\/en\/wp-json\/wp\/v2\/types\/product"}],"replies":[{"embeddable":true,"href":"https:\/\/minirent.is\/en\/wp-json\/wp\/v2\/comments?post=133"}],"wp:featuredmedia":[{"embeddable":true,"href":"https:\/\/minirent.is\/en\/wp-json\/wp\/v2\/media\/134"}],"wp:attachment":[{"href":"https:\/\/minirent.is\/en\/wp-json\/wp\/v2\/media?parent=133"}],"wp:term":[{"taxonomy":"product_brand","embeddable":true,"href":"https:\/\/minirent.is\/en\/wp-json\/wp\/v2\/product_brand?post=133"},{"taxonomy":"product_cat","embeddable":true,"href":"https:\/\/minirent.is\/en\/wp-json\/wp\/v2\/product_cat?post=133"},{"taxonomy":"product_tag","embeddable":true,"href":"https:\/\/minirent.is\/en\/wp-json\/wp\/v2\/product_tag?post=133"}],"curies":[{"name":"wp","href":"https:\/\/api.w.org\/{rel}","templated":true}]}}