{"id":136,"date":"2025-10-09T12:30:26","date_gmt":"2025-10-09T12:30:26","guid":{"rendered":"https:\/\/minirent.is\/?post_type=product&#038;p=136"},"modified":"2025-10-16T10:52:26","modified_gmt":"2025-10-16T10:52:26","slug":"oryggisbeisli","status":"publish","type":"product","link":"https:\/\/minirent.is\/en\/vorur\/oryggisbeisli\/","title":{"rendered":"\u00d6ryggisbeisli"},"content":{"rendered":"<div class=\"booqable-product-button\" data-id=\"oryggisbeisli\"><\/div>\n<hr \/>\n<p>\u00deetta \u00f6ryggisbeisli er hanna\u00f0 til a\u00f0 halda barninu \u00fe\u00ednu <strong>\u00f6ruggu og n\u00e1l\u00e6gt \u00fe\u00e9r<\/strong> \u00e1 fj\u00f6lf\u00f6rnum st\u00f6\u00f0um. Beisli\u00f0 er mj\u00fakt, andar vel og er mj\u00f6g hentugt fyrir b\u00f6rn sem eiga \u00fea\u00f0 til a\u00f0 st\u00f6kkva af sta\u00f0 og hlaupa hratt. Heldur barninu \u00f6ruggu og foreldrum r\u00f3legum.<\/p>\n<h4>Eiginleikar:<\/h4>\n<ul>\n<li>Mj\u00fakt efni sem andar vel.<\/li>\n<li>Stillanlegar \u00f6ryggissylgjur og strappar.<\/li>\n<li>H\u00e6gt a\u00f0 nota \u00e1 \u00ferj\u00e1 mismunandi vegu eftir \u00fe\u00f6rfum.<\/li>\n<\/ul>\n<h4>Hentar fyrir:<\/h4>\n<p>Fyrir b\u00f6rn \u00e1 aldrinum 1 til 5 \u00e1ra.<\/p>\n<hr \/>\n<p style=\"text-align: center; font-style: italic;\">Allar okkar v\u00f6rur eru vandlega \u00ferifnar og s\u00f3tthreinsa\u00f0ar \u00e1 milli vi\u00f0skiptavina.<\/p>","protected":false},"excerpt":{"rendered":"<p>\u00deetta \u00f6ryggisbeisli er hanna\u00f0 til a\u00f0 halda barninu \u00fe\u00ednu \u00f6ruggu og n\u00e1l\u00e6gt \u00fe\u00e9r \u00e1 fj\u00f6lf\u00f6rnum st\u00f6\u00f0um. Beisli\u00f0 er mj\u00fakt, andar&#8230;<\/p>","protected":false},"featured_media":138,"menu_order":0,"comment_status":"open","ping_status":"closed","template":"","meta":[],"product_brand":[],"product_cat":[37,16],"product_tag":[32],"class_list":{"0":"post-136","1":"product","2":"type-product","3":"status-publish","4":"has-post-thumbnail","6":"product_cat-ferdavorur","7":"product_cat-kerrur-og-aukahlutir","8":"product_tag-short-term","10":"first","11":"instock","12":"shipping-taxable","13":"product-type-simple"},"_links":{"self":[{"href":"https:\/\/minirent.is\/en\/wp-json\/wp\/v2\/product\/136","targetHints":{"allow":["GET"]}}],"collection":[{"href":"https:\/\/minirent.is\/en\/wp-json\/wp\/v2\/product"}],"about":[{"href":"https:\/\/minirent.is\/en\/wp-json\/wp\/v2\/types\/product"}],"replies":[{"embeddable":true,"href":"https:\/\/minirent.is\/en\/wp-json\/wp\/v2\/comments?post=136"}],"wp:featuredmedia":[{"embeddable":true,"href":"https:\/\/minirent.is\/en\/wp-json\/wp\/v2\/media\/138"}],"wp:attachment":[{"href":"https:\/\/minirent.is\/en\/wp-json\/wp\/v2\/media?parent=136"}],"wp:term":[{"taxonomy":"product_brand","embeddable":true,"href":"https:\/\/minirent.is\/en\/wp-json\/wp\/v2\/product_brand?post=136"},{"taxonomy":"product_cat","embeddable":true,"href":"https:\/\/minirent.is\/en\/wp-json\/wp\/v2\/product_cat?post=136"},{"taxonomy":"product_tag","embeddable":true,"href":"https:\/\/minirent.is\/en\/wp-json\/wp\/v2\/product_tag?post=136"}],"curies":[{"name":"wp","href":"https:\/\/api.w.org\/{rel}","templated":true}]}}