{"id":141,"date":"2025-10-09T12:33:04","date_gmt":"2025-10-09T12:33:04","guid":{"rendered":"https:\/\/minirent.is\/?post_type=product&#038;p=141"},"modified":"2025-10-16T10:52:26","modified_gmt":"2025-10-16T10:52:26","slug":"baby-jogger-ferdataska","status":"publish","type":"product","link":"https:\/\/minirent.is\/en\/vorur\/baby-jogger-ferdataska\/","title":{"rendered":"Baby Jogger Fer\u00f0ataska"},"content":{"rendered":"<div class=\"booqable-product-button\" data-id=\"bankabond\"><\/div>\n<p>&nbsp;<\/p>\n<p>\u00dea\u00f0 er \u00fe\u00e6gilegra a\u00f0 fer\u00f0ast me\u00f0 kerruna \u00ed baby jogger t\u00f6skunni. Taskan er f\u00f3\u00f0ru\u00f0 og slitsterk og verndar \u00fev\u00ed kerruna fr\u00e1 hnjaski \u00e1 fer\u00f0alaginu.<\/p>\n<p>Passar fyrir flest allar Baby Jogger kerrur og\u00a0margar a\u00f0rar kerrur.<\/p>\n<p>M\u00e1l: 94x66x18<\/p>\n<p><strong>Allar okkar v\u00f6rur eru vandlega \u00ferifnar og s\u00f3tthreinsa\u00f0ar \u00e1 milli vi\u00f0skiptavina.<\/strong><\/p>","protected":false},"excerpt":{"rendered":"<p>&nbsp; \u00dea\u00f0 er \u00fe\u00e6gilegra a\u00f0 fer\u00f0ast me\u00f0 kerruna \u00ed baby jogger t\u00f6skunni. Taskan er f\u00f3\u00f0ru\u00f0 og slitsterk og verndar \u00fev\u00ed&#8230;<\/p>","protected":false},"featured_media":137,"menu_order":10,"comment_status":"open","ping_status":"closed","template":"","meta":[],"product_brand":[],"product_cat":[37,16],"product_tag":[32],"class_list":{"0":"post-141","1":"product","2":"type-product","3":"status-publish","4":"has-post-thumbnail","6":"product_cat-ferdavorur","7":"product_cat-kerrur-og-aukahlutir","8":"product_tag-short-term","10":"first","11":"instock","12":"shipping-taxable","13":"product-type-simple"},"_links":{"self":[{"href":"https:\/\/minirent.is\/en\/wp-json\/wp\/v2\/product\/141","targetHints":{"allow":["GET"]}}],"collection":[{"href":"https:\/\/minirent.is\/en\/wp-json\/wp\/v2\/product"}],"about":[{"href":"https:\/\/minirent.is\/en\/wp-json\/wp\/v2\/types\/product"}],"replies":[{"embeddable":true,"href":"https:\/\/minirent.is\/en\/wp-json\/wp\/v2\/comments?post=141"}],"wp:featuredmedia":[{"embeddable":true,"href":"https:\/\/minirent.is\/en\/wp-json\/wp\/v2\/media\/137"}],"wp:attachment":[{"href":"https:\/\/minirent.is\/en\/wp-json\/wp\/v2\/media?parent=141"}],"wp:term":[{"taxonomy":"product_brand","embeddable":true,"href":"https:\/\/minirent.is\/en\/wp-json\/wp\/v2\/product_brand?post=141"},{"taxonomy":"product_cat","embeddable":true,"href":"https:\/\/minirent.is\/en\/wp-json\/wp\/v2\/product_cat?post=141"},{"taxonomy":"product_tag","embeddable":true,"href":"https:\/\/minirent.is\/en\/wp-json\/wp\/v2\/product_tag?post=141"}],"curies":[{"name":"wp","href":"https:\/\/api.w.org\/{rel}","templated":true}]}}