{"id":142,"date":"2025-10-09T12:37:28","date_gmt":"2025-10-09T12:37:28","guid":{"rendered":"https:\/\/minirent.is\/?post_type=product&#038;p=142"},"modified":"2025-10-16T10:49:16","modified_gmt":"2025-10-16T10:49:16","slug":"jetkids-bedbox-ferdataska","status":"publish","type":"product","link":"https:\/\/minirent.is\/en\/vorur\/jetkids-bedbox-ferdataska\/","title":{"rendered":"JetKids BedBox Fer\u00f0ataska"},"content":{"rendered":"<div class=\"booqable-product-button\" data-id=\"jetkids-bedbox-ferdataska\"><\/div>\n<hr \/>\n<p>JetKids BedBox er <strong>hin fullkomna fer\u00f0ataska<\/strong> fyrir b\u00f6rn. H\u00fan n\u00fdtist sem fer\u00f0ataska sem b\u00f6rnin geta seti\u00f0 \u00e1 e\u00f0a dregi\u00f0 \u00e1 eftir s\u00e9r \u00e1 flugv\u00f6llum og breytist svo \u00ed \u00fe\u00e6gilegt r\u00fam \u00ed flugv\u00e9linni eftir flugtak.<\/p>\n<h4>Eiginleikar:<\/h4>\n<ul>\n<li>Fullkomin fyrir langar g\u00f6ngur \u00e1 flugv\u00f6llum.<\/li>\n<li>B\u00f6rn geta seti\u00f0 \u00e1 e\u00f0a dregi\u00f0 t\u00f6skuna sj\u00e1lf.<\/li>\n<li>Breytir venjulegu flugs\u00e6ti \u00ed \u00fe\u00e6gilegt r\u00fam.<\/li>\n<li>Gerir b\u00f6rnum kleift a\u00f0 hv\u00edla sig e\u00f0a leika s\u00e9r \u00ed fluginu.<\/li>\n<\/ul>\n<h4>Hentar fyrir:<\/h4>\n<p>Fyrir b\u00f6rn \u00e1 aldrinum 2 til 7 \u00e1ra.<\/p>\n<hr \/>\n<p style=\"text-align: center; font-style: italic;\">Allar okkar v\u00f6rur eru vandlega \u00ferifnar og s\u00f3tthreinsa\u00f0ar \u00e1 milli vi\u00f0skiptavina.<\/p>","protected":false},"excerpt":{"rendered":"<p>JetKids BedBox er hin fullkomna fer\u00f0ataska fyrir b\u00f6rn. H\u00fan n\u00fdtist sem fer\u00f0ataska sem b\u00f6rnin geta seti\u00f0 \u00e1 e\u00f0a dregi\u00f0 \u00e1&#8230;<\/p>","protected":false},"featured_media":145,"menu_order":0,"comment_status":"open","ping_status":"closed","template":"","meta":[],"product_brand":[],"product_cat":[37],"product_tag":[32],"class_list":{"0":"post-142","1":"product","2":"type-product","3":"status-publish","4":"has-post-thumbnail","6":"product_cat-ferdavorur","7":"product_tag-short-term","9":"first","10":"instock","11":"shipping-taxable","12":"product-type-simple"},"_links":{"self":[{"href":"https:\/\/minirent.is\/en\/wp-json\/wp\/v2\/product\/142","targetHints":{"allow":["GET"]}}],"collection":[{"href":"https:\/\/minirent.is\/en\/wp-json\/wp\/v2\/product"}],"about":[{"href":"https:\/\/minirent.is\/en\/wp-json\/wp\/v2\/types\/product"}],"replies":[{"embeddable":true,"href":"https:\/\/minirent.is\/en\/wp-json\/wp\/v2\/comments?post=142"}],"wp:featuredmedia":[{"embeddable":true,"href":"https:\/\/minirent.is\/en\/wp-json\/wp\/v2\/media\/145"}],"wp:attachment":[{"href":"https:\/\/minirent.is\/en\/wp-json\/wp\/v2\/media?parent=142"}],"wp:term":[{"taxonomy":"product_brand","embeddable":true,"href":"https:\/\/minirent.is\/en\/wp-json\/wp\/v2\/product_brand?post=142"},{"taxonomy":"product_cat","embeddable":true,"href":"https:\/\/minirent.is\/en\/wp-json\/wp\/v2\/product_cat?post=142"},{"taxonomy":"product_tag","embeddable":true,"href":"https:\/\/minirent.is\/en\/wp-json\/wp\/v2\/product_tag?post=142"}],"curies":[{"name":"wp","href":"https:\/\/api.w.org\/{rel}","templated":true}]}}