{"id":150,"date":"2025-10-09T12:40:37","date_gmt":"2025-10-09T12:40:37","guid":{"rendered":"https:\/\/minirent.is\/?post_type=product&#038;p=150"},"modified":"2025-10-16T10:53:55","modified_gmt":"2025-10-16T10:53:55","slug":"ferdapelahitari","status":"publish","type":"product","link":"https:\/\/minirent.is\/en\/vorur\/ferdapelahitari\/","title":{"rendered":"Fer\u00f0apelahitari"},"content":{"rendered":"<div class=\"booqable-product-button\" data-id=\"ferdapelahitari\"><\/div>\n<hr \/>\n<p>\u00deessi <strong>fer\u00f0av\u00e6ni pelahitari<\/strong> me\u00f0 USB tengi gerir \u00fe\u00e9r kleift a\u00f0 hita pela hvar og hven\u00e6r sem er. \u00d3l\u00edkt hef\u00f0bundnum pelahiturum er au\u00f0velt a\u00f0 taka \u00feennan me\u00f0 s\u00e9r \u00ed fer\u00f0alagi\u00f0. Hann hitar pelann \u00e1 4-10 m\u00edn\u00fatum og heldur honum heitum \u00ed allt a\u00f0 6 klukkustundir \u00e1 fullri hle\u00f0slu.<\/p>\n<h4>Eiginleikar:<\/h4>\n<ul>\n<li>Hitar b\u00e6\u00f0i brj\u00f3stamj\u00f3lk og \u00feurrmj\u00f3lk.<\/li>\n<li>\u00derj\u00e1r hitastillingar: 37\u00b0C, 40\u00b0C og 45\u00b0C.<\/li>\n<li>Heldur fullkomnu hitastigi \u00ed allt a\u00f0 6 klukkustundir.<\/li>\n<li>Hle\u00f0sla me\u00f0 USB sn\u00faru.<\/li>\n<\/ul>\n<h4>Millistykki fyrir pela:<\/h4>\n<p>\u00dea\u00f0 fylgja me\u00f0 tv\u00f6 millistykki sem henta fyrir Tommee Tippee (fyrir utan glerpela), MAM og Philips Avent pela.<\/p>\n<hr \/>\n<p style=\"text-align: center; font-style: italic;\">Allar okkar v\u00f6rur eru vandlega \u00ferifnar og s\u00f3tthreinsa\u00f0ar \u00e1 milli vi\u00f0skiptavina.<\/p>","protected":false},"excerpt":{"rendered":"<p>\u00deessi fer\u00f0av\u00e6ni pelahitari me\u00f0 USB tengi gerir \u00fe\u00e9r kleift a\u00f0 hita pela hvar og hven\u00e6r sem er. \u00d3l\u00edkt hef\u00f0bundnum pelahiturum&#8230;<\/p>","protected":false},"featured_media":151,"menu_order":0,"comment_status":"open","ping_status":"closed","template":"","meta":[],"product_brand":[],"product_cat":[37,39],"product_tag":[32],"class_list":{"0":"post-150","1":"product","2":"type-product","3":"status-publish","4":"has-post-thumbnail","6":"product_cat-ferdavorur","7":"product_cat-matartimi","8":"product_tag-short-term","10":"first","11":"instock","12":"shipping-taxable","13":"product-type-simple"},"_links":{"self":[{"href":"https:\/\/minirent.is\/en\/wp-json\/wp\/v2\/product\/150","targetHints":{"allow":["GET"]}}],"collection":[{"href":"https:\/\/minirent.is\/en\/wp-json\/wp\/v2\/product"}],"about":[{"href":"https:\/\/minirent.is\/en\/wp-json\/wp\/v2\/types\/product"}],"replies":[{"embeddable":true,"href":"https:\/\/minirent.is\/en\/wp-json\/wp\/v2\/comments?post=150"}],"wp:featuredmedia":[{"embeddable":true,"href":"https:\/\/minirent.is\/en\/wp-json\/wp\/v2\/media\/151"}],"wp:attachment":[{"href":"https:\/\/minirent.is\/en\/wp-json\/wp\/v2\/media?parent=150"}],"wp:term":[{"taxonomy":"product_brand","embeddable":true,"href":"https:\/\/minirent.is\/en\/wp-json\/wp\/v2\/product_brand?post=150"},{"taxonomy":"product_cat","embeddable":true,"href":"https:\/\/minirent.is\/en\/wp-json\/wp\/v2\/product_cat?post=150"},{"taxonomy":"product_tag","embeddable":true,"href":"https:\/\/minirent.is\/en\/wp-json\/wp\/v2\/product_tag?post=150"}],"curies":[{"name":"wp","href":"https:\/\/api.w.org\/{rel}","templated":true}]}}