{"id":154,"date":"2025-10-09T12:41:59","date_gmt":"2025-10-09T12:41:59","guid":{"rendered":"https:\/\/minirent.is\/?post_type=product&#038;p=154"},"modified":"2025-10-16T10:41:04","modified_gmt":"2025-10-16T10:41:04","slug":"matarstoll","status":"publish","type":"product","link":"https:\/\/minirent.is\/en\/vorur\/matarstoll\/","title":{"rendered":"Matarst\u00f3ll"},"content":{"rendered":"<div class=\"booqable-product-button\" data-id=\"matarstoll\"><\/div>\n<hr \/>\n<p>\u00deessi <strong>\u00f6ruggi og st\u00f6\u00f0ugi<\/strong> matarst\u00f3ll kemur fullb\u00fainn me\u00f0 \u00f6ryggisbelti og bor\u00f0i. Bor\u00f0i\u00f0 er me\u00f0 h\u00e6kku\u00f0um kanti sem kemur \u00ed veg fyrir a\u00f0 \u00fea\u00f0 sullist ni\u00f0ur \u00e1 g\u00f3lf.<\/p>\n<h4>Eiginleikar:<\/h4>\n<ul>\n<li>St\u00f6\u00f0ugur og \u00f6ruggur fyrir barni\u00f0.<\/li>\n<li>\u00d6ryggisbelti fylgir.<\/li>\n<li>Bor\u00f0 me\u00f0 h\u00e1um kanti til a\u00f0 minnka sull.<\/li>\n<\/ul>\n<h4>Hentar fyrir:<\/h4>\n<p>Fyrir b\u00f6rn sem eru farin a\u00f0 sitja \u00f3studd, upp a\u00f0 3 \u00e1ra aldri e\u00f0a 15kg a\u00f0 h\u00e1marks\u00feyngd.<\/p>\n<hr \/>\n<p style=\"text-align: center; font-style: italic;\">Allar okkar vour eru vandlega \u00ferifnar og s\u00f3tthreinsa\u00f0ar \u00e1 milli vi\u00f0skiptavina.<\/p>","protected":false},"excerpt":{"rendered":"<p>\u00deessi \u00f6ruggi og st\u00f6\u00f0ugi matarst\u00f3ll kemur fullb\u00fainn me\u00f0 \u00f6ryggisbelti og bor\u00f0i. Bor\u00f0i\u00f0 er me\u00f0 h\u00e6kku\u00f0um kanti sem kemur \u00ed veg&#8230;<\/p>","protected":false},"featured_media":155,"menu_order":0,"comment_status":"open","ping_status":"closed","template":"","meta":[],"product_brand":[],"product_cat":[39,31],"product_tag":[32],"class_list":{"0":"post-154","1":"product","2":"type-product","3":"status-publish","4":"has-post-thumbnail","6":"product_cat-matartimi","7":"product_cat-adrar-vorur","8":"product_tag-short-term","10":"first","11":"instock","12":"shipping-taxable","13":"product-type-simple"},"_links":{"self":[{"href":"https:\/\/minirent.is\/en\/wp-json\/wp\/v2\/product\/154","targetHints":{"allow":["GET"]}}],"collection":[{"href":"https:\/\/minirent.is\/en\/wp-json\/wp\/v2\/product"}],"about":[{"href":"https:\/\/minirent.is\/en\/wp-json\/wp\/v2\/types\/product"}],"replies":[{"embeddable":true,"href":"https:\/\/minirent.is\/en\/wp-json\/wp\/v2\/comments?post=154"}],"wp:featuredmedia":[{"embeddable":true,"href":"https:\/\/minirent.is\/en\/wp-json\/wp\/v2\/media\/155"}],"wp:attachment":[{"href":"https:\/\/minirent.is\/en\/wp-json\/wp\/v2\/media?parent=154"}],"wp:term":[{"taxonomy":"product_brand","embeddable":true,"href":"https:\/\/minirent.is\/en\/wp-json\/wp\/v2\/product_brand?post=154"},{"taxonomy":"product_cat","embeddable":true,"href":"https:\/\/minirent.is\/en\/wp-json\/wp\/v2\/product_cat?post=154"},{"taxonomy":"product_tag","embeddable":true,"href":"https:\/\/minirent.is\/en\/wp-json\/wp\/v2\/product_tag?post=154"}],"curies":[{"name":"wp","href":"https:\/\/api.w.org\/{rel}","templated":true}]}}