{"id":161,"date":"2025-10-09T12:44:58","date_gmt":"2025-10-09T12:44:58","guid":{"rendered":"https:\/\/minirent.is\/?post_type=product&#038;p=161"},"modified":"2025-10-16T10:52:26","modified_gmt":"2025-10-16T10:52:26","slug":"baby-jogger-ferdataska-systkina","status":"publish","type":"product","link":"https:\/\/minirent.is\/en\/vorur\/baby-jogger-ferdataska-systkina\/","title":{"rendered":"Baby Jogger Fer\u00f0ataska (Systkina)"},"content":{"rendered":"<div class=\"booqable-product-button\" data-id=\"baby-jogger-ferdataska-systkina\"><\/div>\n<hr \/>\n<p>Ger\u00f0u fer\u00f0alagi\u00f0 \u00fe\u00e6gilegra og <strong>vernda\u00f0u kerruna \u00fe\u00edna<\/strong> me\u00f0 \u00feessari slitsterku og f\u00f3\u00f0ru\u00f0u fer\u00f0at\u00f6sku fr\u00e1 Baby Jogger. Taskan ver kerruna fyrir hnjaski og heldur henni hreinni \u00e1 fer\u00f0alaginu.<\/p>\n<h4>H\u00f6nnu\u00f0 fyrir eftirfarandi kerrur:<\/h4>\n<ul>\n<li>Baby Jogger City Mini Double<\/li>\n<li>Baby Jogger City Mini 2 Double<\/li>\n<li>Baby Jogger City Mini GT Double<\/li>\n<li>Baby Jogger City Mini GT2 Double<\/li>\n<li>Passar einnig fyrir margar a\u00f0rar systkinakerrur.<\/li>\n<\/ul>\n<h4>St\u00e6r\u00f0:<\/h4>\n<p>M\u00e1l: 96cm x 73cm x 18cm.<\/p>\n<hr \/>\n<p style=\"text-align: center; font-style: italic;\">Allar okkar v\u00f6rur eru vandlega \u00ferifnar og s\u00f3tthreinsa\u00f0ar \u00e1 milli vi\u00f0skiptavina.<\/p>","protected":false},"excerpt":{"rendered":"<p>Ger\u00f0u fer\u00f0alagi\u00f0 \u00fe\u00e6gilegra og vernda\u00f0u kerruna \u00fe\u00edna me\u00f0 \u00feessari slitsterku og f\u00f3\u00f0ru\u00f0u fer\u00f0at\u00f6sku fr\u00e1 Baby Jogger. Taskan ver kerruna fyrir&#8230;<\/p>","protected":false},"featured_media":137,"menu_order":10,"comment_status":"open","ping_status":"closed","template":"","meta":[],"product_brand":[],"product_cat":[37,16],"product_tag":[32],"class_list":{"0":"post-161","1":"product","2":"type-product","3":"status-publish","4":"has-post-thumbnail","6":"product_cat-ferdavorur","7":"product_cat-kerrur-og-aukahlutir","8":"product_tag-short-term","10":"first","11":"instock","12":"shipping-taxable","13":"product-type-simple"},"_links":{"self":[{"href":"https:\/\/minirent.is\/en\/wp-json\/wp\/v2\/product\/161","targetHints":{"allow":["GET"]}}],"collection":[{"href":"https:\/\/minirent.is\/en\/wp-json\/wp\/v2\/product"}],"about":[{"href":"https:\/\/minirent.is\/en\/wp-json\/wp\/v2\/types\/product"}],"replies":[{"embeddable":true,"href":"https:\/\/minirent.is\/en\/wp-json\/wp\/v2\/comments?post=161"}],"wp:featuredmedia":[{"embeddable":true,"href":"https:\/\/minirent.is\/en\/wp-json\/wp\/v2\/media\/137"}],"wp:attachment":[{"href":"https:\/\/minirent.is\/en\/wp-json\/wp\/v2\/media?parent=161"}],"wp:term":[{"taxonomy":"product_brand","embeddable":true,"href":"https:\/\/minirent.is\/en\/wp-json\/wp\/v2\/product_brand?post=161"},{"taxonomy":"product_cat","embeddable":true,"href":"https:\/\/minirent.is\/en\/wp-json\/wp\/v2\/product_cat?post=161"},{"taxonomy":"product_tag","embeddable":true,"href":"https:\/\/minirent.is\/en\/wp-json\/wp\/v2\/product_tag?post=161"}],"curies":[{"name":"wp","href":"https:\/\/api.w.org\/{rel}","templated":true}]}}