{"id":165,"date":"2025-10-09T12:46:47","date_gmt":"2025-10-09T12:46:47","guid":{"rendered":"https:\/\/minirent.is\/?post_type=product&#038;p=165"},"modified":"2025-10-16T10:53:41","modified_gmt":"2025-10-16T10:53:41","slug":"myrkvunartjold","status":"publish","type":"product","link":"https:\/\/minirent.is\/en\/vorur\/myrkvunartjold\/","title":{"rendered":"Myrkvunartj\u00f6ld"},"content":{"rendered":"<div class=\"booqable-product-button\" data-id=\"myrkvunartjold\"><\/div>\n<hr \/>\n<p>\u00deessi \u00feykku og v\u00f6ndu\u00f0u myrkvunartj\u00f6ld <strong>loka \u00e1 alla birtu<\/strong> sem berst inn um glugga og draga einnig \u00far h\u00e1va\u00f0a a\u00f0 utan. \u00deau veita g\u00f3\u00f0a einangrun sem heldur herberginu svalara \u00e1 sumrin og hl\u00fdrra \u00e1 veturna.<\/p>\n<h4>Eiginleikar:<\/h4>\n<ul>\n<li>Loka \u00e1 birtu og draga \u00far h\u00e1va\u00f0a.<\/li>\n<li>Au\u00f0veld uppsetning me\u00f0 sogsk\u00e1lum sem festast \u00e1 gler.<\/li>\n<li>Franskur rennil\u00e1s til a\u00f0 stilla st\u00e6r\u00f0ina.<\/li>\n<li>G\u00f3\u00f0 einangrun fyrir sumar og vetur.<\/li>\n<\/ul>\n<h4>St\u00e6r\u00f0:<\/h4>\n<p>M\u00e1l: 198cm x 127cm. H\u00e6gt er a\u00f0 stilla st\u00e6r\u00f0ina fyrir minni glugga.<\/p>\n<hr \/>\n<p style=\"text-align: center; font-style: italic;\">Allar okkar v\u00f6rur eru vandlega \u00ferifnar og s\u00f3tthreinsa\u00f0ar \u00e1 milli vi\u00f0skiptavina.<\/p>","protected":false},"excerpt":{"rendered":"<p>\u00deessi \u00feykku og v\u00f6ndu\u00f0u myrkvunartj\u00f6ld loka \u00e1 alla birtu sem berst inn um glugga og draga einnig \u00far h\u00e1va\u00f0a a\u00f0&#8230;<\/p>","protected":false},"featured_media":166,"menu_order":0,"comment_status":"open","ping_status":"closed","template":"","meta":[],"product_brand":[],"product_cat":[37,31,40],"product_tag":[32],"class_list":{"0":"post-165","1":"product","2":"type-product","3":"status-publish","4":"has-post-thumbnail","6":"product_cat-ferdavorur","7":"product_cat-adrar-vorur","8":"product_cat-svefntimi","9":"product_tag-short-term","11":"first","12":"instock","13":"shipping-taxable","14":"product-type-simple"},"_links":{"self":[{"href":"https:\/\/minirent.is\/en\/wp-json\/wp\/v2\/product\/165","targetHints":{"allow":["GET"]}}],"collection":[{"href":"https:\/\/minirent.is\/en\/wp-json\/wp\/v2\/product"}],"about":[{"href":"https:\/\/minirent.is\/en\/wp-json\/wp\/v2\/types\/product"}],"replies":[{"embeddable":true,"href":"https:\/\/minirent.is\/en\/wp-json\/wp\/v2\/comments?post=165"}],"wp:featuredmedia":[{"embeddable":true,"href":"https:\/\/minirent.is\/en\/wp-json\/wp\/v2\/media\/166"}],"wp:attachment":[{"href":"https:\/\/minirent.is\/en\/wp-json\/wp\/v2\/media?parent=165"}],"wp:term":[{"taxonomy":"product_brand","embeddable":true,"href":"https:\/\/minirent.is\/en\/wp-json\/wp\/v2\/product_brand?post=165"},{"taxonomy":"product_cat","embeddable":true,"href":"https:\/\/minirent.is\/en\/wp-json\/wp\/v2\/product_cat?post=165"},{"taxonomy":"product_tag","embeddable":true,"href":"https:\/\/minirent.is\/en\/wp-json\/wp\/v2\/product_tag?post=165"}],"curies":[{"name":"wp","href":"https:\/\/api.w.org\/{rel}","templated":true}]}}