{"id":168,"date":"2025-10-09T12:47:43","date_gmt":"2025-10-09T12:47:43","guid":{"rendered":"https:\/\/minirent.is\/?post_type=product&#038;p=168"},"modified":"2025-10-16T10:40:06","modified_gmt":"2025-10-16T10:40:06","slug":"kerrupoki","status":"publish","type":"product","link":"https:\/\/minirent.is\/en\/vorur\/kerrupoki\/","title":{"rendered":"Kerrupoki"},"content":{"rendered":"<div class=\"booqable-product-button\" data-id=\"kerrupoki\"><\/div>\n<hr \/>\n<p>\u00deessi fr\u00e1b\u00e6ri kerrupoki heldur barninu \u00fe\u00ednu <strong>hl\u00fdju og notalegu<\/strong> \u00ed kerrunni e\u00f0a vagninum, jafnvel yfir k\u00f6ldustu vetrarm\u00e1nu\u00f0ina. F\u00f3\u00f0ri\u00f0 er einstaklega mj\u00fakt svo a\u00f0 barninu l\u00ed\u00f0i \u00f6rugglega vel.<\/p>\n<h4>Eiginleikar:<\/h4>\n<ul>\n<li>Einstaklega mj\u00fakt og hl\u00fdtt f\u00f3\u00f0ur.<\/li>\n<li>Mj\u00f6g au\u00f0velt a\u00f0 festa \u00ed flestar kerrur og vagna.<\/li>\n<li>Heldur barninu \u00fe\u00ednu hl\u00fdju \u00ed \u00f6llum ve\u00f0rum.<\/li>\n<\/ul>\n<h4>Hentar fyrir:<\/h4>\n<p>Passar \u00ed flestar st\u00e6r\u00f0ir af kerrum og v\u00f6gnum.<\/p>\n<hr \/>\n<p style=\"text-align: center; font-style: italic;\">Allar okkar v\u00f6rur eru vandlega \u00ferifnar og s\u00f3tthreinsa\u00f0ar \u00e1 milli vi\u00f0skiptavina.<\/p>","protected":false},"excerpt":{"rendered":"<p>\u00deessi fr\u00e1b\u00e6ri kerrupoki heldur barninu \u00fe\u00ednu hl\u00fdju og notalegu \u00ed kerrunni e\u00f0a vagninum, jafnvel yfir k\u00f6ldustu vetrarm\u00e1nu\u00f0ina. F\u00f3\u00f0ri\u00f0 er einstaklega&#8230;<\/p>","protected":false},"featured_media":169,"menu_order":0,"comment_status":"open","ping_status":"closed","template":"","meta":[],"product_brand":[],"product_cat":[16,40],"product_tag":[32],"class_list":{"0":"post-168","1":"product","2":"type-product","3":"status-publish","4":"has-post-thumbnail","6":"product_cat-kerrur-og-aukahlutir","7":"product_cat-svefntimi","8":"product_tag-short-term","10":"first","11":"instock","12":"shipping-taxable","13":"product-type-simple"},"_links":{"self":[{"href":"https:\/\/minirent.is\/en\/wp-json\/wp\/v2\/product\/168","targetHints":{"allow":["GET"]}}],"collection":[{"href":"https:\/\/minirent.is\/en\/wp-json\/wp\/v2\/product"}],"about":[{"href":"https:\/\/minirent.is\/en\/wp-json\/wp\/v2\/types\/product"}],"replies":[{"embeddable":true,"href":"https:\/\/minirent.is\/en\/wp-json\/wp\/v2\/comments?post=168"}],"wp:featuredmedia":[{"embeddable":true,"href":"https:\/\/minirent.is\/en\/wp-json\/wp\/v2\/media\/169"}],"wp:attachment":[{"href":"https:\/\/minirent.is\/en\/wp-json\/wp\/v2\/media?parent=168"}],"wp:term":[{"taxonomy":"product_brand","embeddable":true,"href":"https:\/\/minirent.is\/en\/wp-json\/wp\/v2\/product_brand?post=168"},{"taxonomy":"product_cat","embeddable":true,"href":"https:\/\/minirent.is\/en\/wp-json\/wp\/v2\/product_cat?post=168"},{"taxonomy":"product_tag","embeddable":true,"href":"https:\/\/minirent.is\/en\/wp-json\/wp\/v2\/product_tag?post=168"}],"curies":[{"name":"wp","href":"https:\/\/api.w.org\/{rel}","templated":true}]}}