{"id":172,"date":"2025-10-09T12:49:17","date_gmt":"2025-10-09T12:49:17","guid":{"rendered":"https:\/\/minirent.is\/?post_type=product&#038;p=172"},"modified":"2025-10-16T10:53:33","modified_gmt":"2025-10-16T10:53:33","slug":"rockit-ruggari","status":"publish","type":"product","link":"https:\/\/minirent.is\/en\/vorur\/rockit-ruggari\/","title":{"rendered":"Rockit Ruggari"},"content":{"rendered":"<div class=\"booqable-product-button\" data-id=\"rockit-ruggari\"><\/div>\n<hr \/>\n<p>Rockit ruggarinn s\u00e9r um a\u00f0 rugga vagninum e\u00f0a kerrunni svo \u00fe\u00fa \u00feurfir \u00feess ekki! Seg\u00f0u bless vi\u00f0 \u00fea\u00f0 a\u00f0 barni\u00f0 vakni um lei\u00f0 og vagninn h\u00e6ttir a\u00f0 hreyfast, \u00fear sem Rockit l\u00edkir eftir <strong>bl\u00ed\u00f0u og r\u00f3andi ruggi<\/strong> foreldranna.<\/p>\n<h4>Eiginleikar:<\/h4>\n<ul>\n<li>Festist \u00e1 n\u00e1nast hva\u00f0a vagn e\u00f0a kerru sem er.<\/li>\n<li>Einfalt \u00ed notkun: \u00fdttu \u00e1 takkann og stilltu hra\u00f0ann.<\/li>\n<li>Fullkomi\u00f0 fyrir b\u00f6rn sem \u00feurfa stanslaust rugg til a\u00f0 sofa.<\/li>\n<li>Hefur sta\u00f0ist allar helstu al\u00fej\u00f3\u00f0legu \u00f6ryggispr\u00f3fanir.<\/li>\n<\/ul>\n<h4>Hvernig virkar \u00fea\u00f0?<\/h4>\n<p>\u00de\u00fa einfaldlega festir Rockit \u00e1 vagninn\/kerruna, \u00fdtir \u00e1 takkann og stillir \u00feann hra\u00f0a sem hentar \u00fe\u00ednu barni best.<\/p>\n<hr \/>\n<p style=\"text-align: center; font-style: italic;\">Allar okkar v\u00f6rur eru vandlega \u00ferifnar og s\u00f3tthreinsa\u00f0ar \u00e1 milli vi\u00f0skiptavina.<\/p>","protected":false},"excerpt":{"rendered":"<p>Rockit ruggarinn s\u00e9r um a\u00f0 rugga vagninum e\u00f0a kerrunni svo \u00fe\u00fa \u00feurfir \u00feess ekki! Seg\u00f0u bless vi\u00f0 \u00fea\u00f0 a\u00f0 barni\u00f0&#8230;<\/p>","protected":false},"featured_media":173,"menu_order":0,"comment_status":"open","ping_status":"closed","template":"","meta":[],"product_brand":[],"product_cat":[16],"product_tag":[32],"class_list":{"0":"post-172","1":"product","2":"type-product","3":"status-publish","4":"has-post-thumbnail","6":"product_cat-kerrur-og-aukahlutir","7":"product_tag-short-term","9":"first","10":"instock","11":"shipping-taxable","12":"product-type-simple"},"_links":{"self":[{"href":"https:\/\/minirent.is\/en\/wp-json\/wp\/v2\/product\/172","targetHints":{"allow":["GET"]}}],"collection":[{"href":"https:\/\/minirent.is\/en\/wp-json\/wp\/v2\/product"}],"about":[{"href":"https:\/\/minirent.is\/en\/wp-json\/wp\/v2\/types\/product"}],"replies":[{"embeddable":true,"href":"https:\/\/minirent.is\/en\/wp-json\/wp\/v2\/comments?post=172"}],"wp:featuredmedia":[{"embeddable":true,"href":"https:\/\/minirent.is\/en\/wp-json\/wp\/v2\/media\/173"}],"wp:attachment":[{"href":"https:\/\/minirent.is\/en\/wp-json\/wp\/v2\/media?parent=172"}],"wp:term":[{"taxonomy":"product_brand","embeddable":true,"href":"https:\/\/minirent.is\/en\/wp-json\/wp\/v2\/product_brand?post=172"},{"taxonomy":"product_cat","embeddable":true,"href":"https:\/\/minirent.is\/en\/wp-json\/wp\/v2\/product_cat?post=172"},{"taxonomy":"product_tag","embeddable":true,"href":"https:\/\/minirent.is\/en\/wp-json\/wp\/v2\/product_tag?post=172"}],"curies":[{"name":"wp","href":"https:\/\/api.w.org\/{rel}","templated":true}]}}