{"id":176,"date":"2025-10-09T12:50:24","date_gmt":"2025-10-09T12:50:24","guid":{"rendered":"https:\/\/minirent.is\/?post_type=product&#038;p=176"},"modified":"2025-10-16T10:41:35","modified_gmt":"2025-10-16T10:41:35","slug":"leikteppi","status":"publish","type":"product","link":"https:\/\/minirent.is\/en\/vorur\/leikteppi\/","title":{"rendered":"Leikteppi"},"content":{"rendered":"<div class=\"booqable-product-button\" data-id=\"leikteppi\"><\/div>\n<hr \/>\n<p>\u00deetta leikteppi er <strong>\u00f6ruggur og \u00fe\u00e6gilegur sta\u00f0ur<\/strong> fyrir barni\u00f0 til a\u00f0 slaka \u00e1 og leika s\u00e9r. Teppi\u00f0 er einstaklega mj\u00fakt og er me\u00f0 litr\u00edkum hangandi leikf\u00f6ngum og f\u00edg\u00farum sem fanga athygli barnsins.<\/p>\n<h4>Eiginleikar:<\/h4>\n<ul>\n<li>Mj\u00fakt og \u00fe\u00e6gilegt teppi til a\u00f0 liggja \u00e1.<\/li>\n<li>Litr\u00edk leikf\u00f6ng sem \u00f6rva skynf\u00e6ri barnsins.<\/li>\n<li>Au\u00f0velt er a\u00f0 fjarl\u00e6gja leikf\u00f6ngin.<\/li>\n<\/ul>\n<h4>Hentar fyrir:<\/h4>\n<p>B\u00f6rnum fr\u00e1 f\u00e6\u00f0ingu.<\/p>\n<hr \/>\n<p style=\"text-align: center; font-style: italic;\">Allar okkar v\u00f6rur eru vandlega \u00ferifnar og s\u00f3tthreinsa\u00f0ar \u00e1 milli vi\u00f0skiptavina.<\/p>","protected":false},"excerpt":{"rendered":"<p>\u00deetta leikteppi er \u00f6ruggur og \u00fe\u00e6gilegur sta\u00f0ur fyrir barni\u00f0 til a\u00f0 slaka \u00e1 og leika s\u00e9r. Teppi\u00f0 er einstaklega mj\u00fakt&#8230;<\/p>","protected":false},"featured_media":177,"menu_order":0,"comment_status":"open","ping_status":"closed","template":"","meta":[],"product_brand":[],"product_cat":[38,31],"product_tag":[32],"class_list":{"0":"post-176","1":"product","2":"type-product","3":"status-publish","4":"has-post-thumbnail","6":"product_cat-leiktimi","7":"product_cat-adrar-vorur","8":"product_tag-short-term","10":"first","11":"instock","12":"shipping-taxable","13":"product-type-simple"},"_links":{"self":[{"href":"https:\/\/minirent.is\/en\/wp-json\/wp\/v2\/product\/176","targetHints":{"allow":["GET"]}}],"collection":[{"href":"https:\/\/minirent.is\/en\/wp-json\/wp\/v2\/product"}],"about":[{"href":"https:\/\/minirent.is\/en\/wp-json\/wp\/v2\/types\/product"}],"replies":[{"embeddable":true,"href":"https:\/\/minirent.is\/en\/wp-json\/wp\/v2\/comments?post=176"}],"wp:featuredmedia":[{"embeddable":true,"href":"https:\/\/minirent.is\/en\/wp-json\/wp\/v2\/media\/177"}],"wp:attachment":[{"href":"https:\/\/minirent.is\/en\/wp-json\/wp\/v2\/media?parent=176"}],"wp:term":[{"taxonomy":"product_brand","embeddable":true,"href":"https:\/\/minirent.is\/en\/wp-json\/wp\/v2\/product_brand?post=176"},{"taxonomy":"product_cat","embeddable":true,"href":"https:\/\/minirent.is\/en\/wp-json\/wp\/v2\/product_cat?post=176"},{"taxonomy":"product_tag","embeddable":true,"href":"https:\/\/minirent.is\/en\/wp-json\/wp\/v2\/product_tag?post=176"}],"curies":[{"name":"wp","href":"https:\/\/api.w.org\/{rel}","templated":true}]}}