{"id":182,"date":"2025-10-09T12:52:28","date_gmt":"2025-10-09T12:52:28","guid":{"rendered":"https:\/\/minirent.is\/?post_type=product&#038;p=182"},"modified":"2025-10-16T10:49:56","modified_gmt":"2025-10-16T10:49:56","slug":"mobywrap-burdarsjal","status":"publish","type":"product","link":"https:\/\/minirent.is\/en\/vorur\/mobywrap-burdarsjal\/","title":{"rendered":"MobyWrap Bur\u00f0arsjal"},"content":{"rendered":"<div class=\"booqable-product-button\" data-id=\"mobywrap-burdarsjal\"><\/div>\n<hr \/>\n<p>\u00deetta MobyWrap bur\u00f0arsjal er hanna\u00f0 til a\u00f0 vera <strong>einfalt \u00ed notkun<\/strong> og heldur barninu \u00fe\u00ednu \u00f6ruggu og hl\u00fdju. \u00dea\u00f0 er \u00fe\u00e6gilegt fyrir \u00feann sem ber og dreifir \u00feyngd barnsins jafnt yfir baki\u00f0 og mja\u00f0mirnar.<\/p>\n<h4>Eiginleikar:<\/h4>\n<ul>\n<li>Au\u00f0velt \u00ed notkun.<\/li>\n<li>Dreifir \u00feyngd barnsins jafnt fyrir h\u00e1marks \u00fe\u00e6gindi.<\/li>\n<li>Heldur barninu \u00f6ruggu og gefur hl\u00fdju.<\/li>\n<\/ul>\n<h4>Hentar fyrir:<\/h4>\n<p>B\u00f6rnum fr\u00e1 f\u00e6\u00f0ingu upp \u00ed 15kg.<\/p>\n<hr \/>\n<p style=\"text-align: center; font-style: italic;\">Allar okkar v\u00f6rur eru vandlega \u00ferifnar og s\u00f3tthreinsa\u00f0ar \u00e1 milli vi\u00f0skiptavina.<\/p>","protected":false},"excerpt":{"rendered":"<p>\u00deetta MobyWrap bur\u00f0arsjal er hanna\u00f0 til a\u00f0 vera einfalt \u00ed notkun og heldur barninu \u00fe\u00ednu \u00f6ruggu og hl\u00fdju. \u00dea\u00f0 er&#8230;<\/p>","protected":false},"featured_media":183,"menu_order":0,"comment_status":"open","ping_status":"closed","template":"","meta":[],"product_brand":[],"product_cat":[18,37],"product_tag":[32],"class_list":{"0":"post-182","1":"product","2":"type-product","3":"status-publish","4":"has-post-thumbnail","6":"product_cat-burdarpokar","7":"product_cat-ferdavorur","8":"product_tag-short-term","10":"first","11":"instock","12":"shipping-taxable","13":"product-type-simple"},"_links":{"self":[{"href":"https:\/\/minirent.is\/en\/wp-json\/wp\/v2\/product\/182","targetHints":{"allow":["GET"]}}],"collection":[{"href":"https:\/\/minirent.is\/en\/wp-json\/wp\/v2\/product"}],"about":[{"href":"https:\/\/minirent.is\/en\/wp-json\/wp\/v2\/types\/product"}],"replies":[{"embeddable":true,"href":"https:\/\/minirent.is\/en\/wp-json\/wp\/v2\/comments?post=182"}],"wp:featuredmedia":[{"embeddable":true,"href":"https:\/\/minirent.is\/en\/wp-json\/wp\/v2\/media\/183"}],"wp:attachment":[{"href":"https:\/\/minirent.is\/en\/wp-json\/wp\/v2\/media?parent=182"}],"wp:term":[{"taxonomy":"product_brand","embeddable":true,"href":"https:\/\/minirent.is\/en\/wp-json\/wp\/v2\/product_brand?post=182"},{"taxonomy":"product_cat","embeddable":true,"href":"https:\/\/minirent.is\/en\/wp-json\/wp\/v2\/product_cat?post=182"},{"taxonomy":"product_tag","embeddable":true,"href":"https:\/\/minirent.is\/en\/wp-json\/wp\/v2\/product_tag?post=182"}],"curies":[{"name":"wp","href":"https:\/\/api.w.org\/{rel}","templated":true}]}}