{"id":185,"date":"2025-10-09T12:53:41","date_gmt":"2025-10-09T12:53:41","guid":{"rendered":"https:\/\/minirent.is\/?post_type=product&#038;p=185"},"modified":"2025-10-16T10:39:53","modified_gmt":"2025-10-16T10:39:53","slug":"ungbarnahreidur","status":"publish","type":"product","link":"https:\/\/minirent.is\/en\/vorur\/ungbarnahreidur\/","title":{"rendered":"Ungbarnahrei\u00f0ur"},"content":{"rendered":"<div class=\"product-description\">\n<div class=\"booqable-product-button\" data-id=\"ungbarnahreidur\"><\/div>\n<p>&nbsp;<\/p>\n<p>\u00deetta ungbarnahrei\u00f0ur fr\u00e1 CamCam Copenhagen er gert \u00far <strong>l\u00edfr\u00e6nt vottu\u00f0um b\u00f3mul<\/strong> og er \u00fev\u00ed s\u00e9rstaklega hl\u00fdtt og notalegt fyrir barni\u00f0.<\/p>\n<h4>Eiginleikar:<\/h4>\n<ul>\n<li>Mj\u00fak og \u00fe\u00e6gileg d\u00fdna.<\/li>\n<li>H\u00e6gt er a\u00f0 stilla st\u00e6r\u00f0ina svo hrei\u00f0ri\u00f0 st\u00e6kki me\u00f0 barninu.<\/li>\n<li>Hagn\u00fdtar h\u00f6ldur \u00e1 hli\u00f0unum og vi\u00f0arplata \u00ed botninum auvelda flutning.<\/li>\n<\/ul>\n<h4>St\u00e6r\u00f0:<\/h4>\n<p>14cm x 79cm x 47cm<\/p>\n<hr \/>\n<p style=\"text-align: center; font-style: italic;\">Allar okkar v\u00f6rur eru vandlega \u00ferifnar og s\u00f3tthreinsa\u00f0ar \u00e1 milli vi\u00f0skiptavina.<\/p>\n<\/div>","protected":false},"excerpt":{"rendered":"<p>&nbsp; \u00deetta ungbarnahrei\u00f0ur fr\u00e1 CamCam Copenhagen er gert \u00far l\u00edfr\u00e6nt vottu\u00f0um b\u00f3mul og er \u00fev\u00ed s\u00e9rstaklega hl\u00fdtt og notalegt fyrir&#8230;<\/p>","protected":false},"featured_media":186,"menu_order":0,"comment_status":"open","ping_status":"closed","template":"","meta":[],"product_brand":[],"product_cat":[31,40],"product_tag":[32],"class_list":{"0":"post-185","1":"product","2":"type-product","3":"status-publish","4":"has-post-thumbnail","6":"product_cat-adrar-vorur","7":"product_cat-svefntimi","8":"product_tag-short-term","10":"first","11":"instock","12":"shipping-taxable","13":"product-type-simple"},"_links":{"self":[{"href":"https:\/\/minirent.is\/en\/wp-json\/wp\/v2\/product\/185","targetHints":{"allow":["GET"]}}],"collection":[{"href":"https:\/\/minirent.is\/en\/wp-json\/wp\/v2\/product"}],"about":[{"href":"https:\/\/minirent.is\/en\/wp-json\/wp\/v2\/types\/product"}],"replies":[{"embeddable":true,"href":"https:\/\/minirent.is\/en\/wp-json\/wp\/v2\/comments?post=185"}],"wp:featuredmedia":[{"embeddable":true,"href":"https:\/\/minirent.is\/en\/wp-json\/wp\/v2\/media\/186"}],"wp:attachment":[{"href":"https:\/\/minirent.is\/en\/wp-json\/wp\/v2\/media?parent=185"}],"wp:term":[{"taxonomy":"product_brand","embeddable":true,"href":"https:\/\/minirent.is\/en\/wp-json\/wp\/v2\/product_brand?post=185"},{"taxonomy":"product_cat","embeddable":true,"href":"https:\/\/minirent.is\/en\/wp-json\/wp\/v2\/product_cat?post=185"},{"taxonomy":"product_tag","embeddable":true,"href":"https:\/\/minirent.is\/en\/wp-json\/wp\/v2\/product_tag?post=185"}],"curies":[{"name":"wp","href":"https:\/\/api.w.org\/{rel}","templated":true}]}}