{"id":263,"date":"2025-10-16T10:43:01","date_gmt":"2025-10-16T10:43:01","guid":{"rendered":"https:\/\/minirent.is\/?post_type=product&#038;p=263"},"modified":"2025-10-16T10:48:53","modified_gmt":"2025-10-16T10:48:53","slug":"ergobaby-burdarpoki-2","status":"publish","type":"product","link":"https:\/\/minirent.is\/en\/vorur\/ergobaby-burdarpoki-2\/","title":{"rendered":"ErgoBaby Bur\u00f0arpoki"},"content":{"rendered":"<div class=\"booqable-product-button\" data-id=\"ergobaby-burdarpoki\"><\/div>\n<hr \/>\n<p>ErgoBaby Omni 360 er <strong>fj\u00f6lbreytilegur og endingarg\u00f3\u00f0ur<\/strong> bur\u00f0arpoki sem vex me\u00f0 barninu \u00fe\u00ednu. Pokinn er hanna\u00f0ur til a\u00f0 halda barninu \u00ed hinni heilbrig\u00f0u &#8222;M-st\u00f6\u00f0u&#8220; fyrir mja\u00f0mirnar og er sam\u00feykktur af The International Hip Dysplasia Institute.<\/p>\n<h4>Eiginleikar:<\/h4>\n<ul>\n<li>H\u00e6gt a\u00f0 stilla \u00e1 fj\u00f3ra mismunandi bur\u00f0arvegu.<\/li>\n<li>Efni sem andar vel og m\u00e1 \u00fevo \u00ed \u00fevottav\u00e9l.<\/li>\n<li>Innbygg\u00f0 UPF50+ s\u00f3larhl\u00edf fyrir h\u00f6fu\u00f0 barnsins.<\/li>\n<li>Losanleg pyngja fyrir helstu nau\u00f0synjar fylgir.<\/li>\n<\/ul>\n<h4>Hentar fyrir:<\/h4>\n<p>Fyrir b\u00f6rn fr\u00e1 f\u00e6\u00f0ingu og upp \u00ed u.\u00fe.b. 4 \u00e1ra aldur (3 kg &#8211; 20 kg).<\/p>\n<h4>\u00dea\u00f0 sem fylgir:<\/h4>\n<ul>\n<li>ErgoBaby Omni 360 bur\u00f0arpoki<\/li>\n<li>Losanleg pyngja<\/li>\n<\/ul>\n<hr \/>\n<p style=\"text-align: center; font-style: italic;\">Allar okkar v\u00f6rur eru vandlega \u00ferifnar og s\u00f3tthreinsa\u00f0ar \u00e1 milli vi\u00f0skiptavina.<\/p>","protected":false},"excerpt":{"rendered":"<p>ErgoBaby Omni 360 er fj\u00f6lbreytilegur og endingarg\u00f3\u00f0ur bur\u00f0arpoki sem vex me\u00f0 barninu \u00fe\u00ednu. Pokinn er hanna\u00f0ur til a\u00f0 halda barninu&#8230;<\/p>","protected":false},"featured_media":264,"menu_order":5,"comment_status":"open","ping_status":"closed","template":"","meta":[],"product_brand":[],"product_cat":[18,37],"product_tag":[32],"class_list":{"0":"post-263","1":"product","2":"type-product","3":"status-publish","4":"has-post-thumbnail","6":"product_cat-burdarpokar","7":"product_cat-ferdavorur","8":"product_tag-short-term","10":"first","11":"instock","12":"shipping-taxable","13":"product-type-simple"},"_links":{"self":[{"href":"https:\/\/minirent.is\/en\/wp-json\/wp\/v2\/product\/263","targetHints":{"allow":["GET"]}}],"collection":[{"href":"https:\/\/minirent.is\/en\/wp-json\/wp\/v2\/product"}],"about":[{"href":"https:\/\/minirent.is\/en\/wp-json\/wp\/v2\/types\/product"}],"replies":[{"embeddable":true,"href":"https:\/\/minirent.is\/en\/wp-json\/wp\/v2\/comments?post=263"}],"wp:featuredmedia":[{"embeddable":true,"href":"https:\/\/minirent.is\/en\/wp-json\/wp\/v2\/media\/264"}],"wp:attachment":[{"href":"https:\/\/minirent.is\/en\/wp-json\/wp\/v2\/media?parent=263"}],"wp:term":[{"taxonomy":"product_brand","embeddable":true,"href":"https:\/\/minirent.is\/en\/wp-json\/wp\/v2\/product_brand?post=263"},{"taxonomy":"product_cat","embeddable":true,"href":"https:\/\/minirent.is\/en\/wp-json\/wp\/v2\/product_cat?post=263"},{"taxonomy":"product_tag","embeddable":true,"href":"https:\/\/minirent.is\/en\/wp-json\/wp\/v2\/product_tag?post=263"}],"curies":[{"name":"wp","href":"https:\/\/api.w.org\/{rel}","templated":true}]}}