{"id":93,"date":"2025-10-09T11:56:09","date_gmt":"2025-10-09T11:56:09","guid":{"rendered":"https:\/\/minirent.is\/?post_type=product&#038;p=93"},"modified":"2025-10-14T21:46:02","modified_gmt":"2025-10-14T21:46:02","slug":"bilstoll-0-4-ara","status":"publish","type":"product","link":"https:\/\/minirent.is\/en\/vorur\/bilstoll-0-4-ara\/","title":{"rendered":"B\u00edlst\u00f3ll (0-4 \u00e1ra)"},"content":{"rendered":"<div class=\"booqable-product-button\" data-id=\"bilstoll-0-4-ara\"><\/div>\n<hr \/>\n<p>Maxi Cosi Mica Pro Eco er i-Size b\u00edlst\u00f3ll sem hentar fr\u00e1 f\u00e6\u00f0ingu upp a\u00f0 4 \u00e1ra aldri. Hann uppfyllir <strong>h\u00e6stu \u00f6ryggissta\u00f0la (R129)<\/strong> og er me\u00f0 <strong>360\u00b0 sn\u00faningi<\/strong> sem gerir \u00fea\u00f0 einstaklega \u00fe\u00e6gilegt a\u00f0 setja barni\u00f0 \u00ed og taka \u00fea\u00f0 \u00far st\u00f3lnum.<\/p>\n<h4>Eiginleikar:<\/h4>\n<ul>\n<li>360\u00b0 sn\u00faningur fyrir aukin \u00fe\u00e6gindi.<\/li>\n<li>H\u00e6gt a\u00f0 nota bakv\u00edsandi e\u00f0a framv\u00edsandi.<\/li>\n<li>S\u00e9rst\u00f6k hli\u00f0arv\u00f6rn og verndandi h\u00f6fu\u00f0stu\u00f0ningur.<\/li>\n<li>Festist eing\u00f6ngu me\u00f0 ISOFIX (ekki h\u00e6gt a\u00f0 nota b\u00edlbelti).<\/li>\n<li>&#8222;Baby Hugg&#8220; ungbarnainnlegg fylgir.<\/li>\n<\/ul>\n<h4>Hentar fyrir:<\/h4>\n<p>Fyrir b\u00f6rn fr\u00e1 f\u00e6\u00f0ingu upp \u00ed u.\u00fe.b. 4 \u00e1ra aldur (a\u00f0 105 cm \/ 18 kg).<\/p>\n<h4>Mikilv\u00e6gt var\u00f0andi flugfer\u00f0ir:<\/h4>\n<p>Ef st\u00f3llinn er b\u00f3ka\u00f0ur til a\u00f0 taka me\u00f0 \u00ed flug, vinsamlegast kynntu \u00fe\u00e9r farangursreglur flugf\u00e9lagsins. Ef st\u00f3llinn er innrita\u00f0ur sem farangur ver\u00f0ur hann a\u00f0 vera \u00ed hl\u00edf\u00f0art\u00f6sku. H\u00e6gt er a\u00f0 nota eigin t\u00f6sku e\u00f0a leigja hana <a href=\"\/en\/vorur\/bilstolataska\/\">h\u00e9r<\/a>.<\/p>\n<hr \/>\n<p style=\"text-align: center; font-style: italic;\">Allar okkar v\u00f6rur eru vandlega \u00ferifnar og s\u00f3tthreinsa\u00f0ar \u00e1 milli vi\u00f0skiptavina.<\/p>","protected":false},"excerpt":{"rendered":"<p>Discover the perfect blend of quality, style, and performance. Designed to meet your everyday needs, this product delivers exceptional value with a sleek, modern look and reliable functionality you can count on.<\/p>","protected":false},"featured_media":94,"menu_order":0,"comment_status":"open","ping_status":"closed","template":"","meta":[],"product_brand":[],"product_cat":[17],"product_tag":[32],"class_list":{"0":"post-93","1":"product","2":"type-product","3":"status-publish","4":"has-post-thumbnail","6":"product_cat-bilstolar","7":"product_tag-short-term","9":"first","10":"instock","11":"shipping-taxable","12":"product-type-simple"},"_links":{"self":[{"href":"https:\/\/minirent.is\/en\/wp-json\/wp\/v2\/product\/93","targetHints":{"allow":["GET"]}}],"collection":[{"href":"https:\/\/minirent.is\/en\/wp-json\/wp\/v2\/product"}],"about":[{"href":"https:\/\/minirent.is\/en\/wp-json\/wp\/v2\/types\/product"}],"replies":[{"embeddable":true,"href":"https:\/\/minirent.is\/en\/wp-json\/wp\/v2\/comments?post=93"}],"wp:featuredmedia":[{"embeddable":true,"href":"https:\/\/minirent.is\/en\/wp-json\/wp\/v2\/media\/94"}],"wp:attachment":[{"href":"https:\/\/minirent.is\/en\/wp-json\/wp\/v2\/media?parent=93"}],"wp:term":[{"taxonomy":"product_brand","embeddable":true,"href":"https:\/\/minirent.is\/en\/wp-json\/wp\/v2\/product_brand?post=93"},{"taxonomy":"product_cat","embeddable":true,"href":"https:\/\/minirent.is\/en\/wp-json\/wp\/v2\/product_cat?post=93"},{"taxonomy":"product_tag","embeddable":true,"href":"https:\/\/minirent.is\/en\/wp-json\/wp\/v2\/product_tag?post=93"}],"curies":[{"name":"wp","href":"https:\/\/api.w.org\/{rel}","templated":true}]}}